{"id":921,"date":"2023-02-20T23:51:38","date_gmt":"2023-02-20T22:51:38","guid":{"rendered":"http:\/\/progres-c.com\/?page_id=921"},"modified":"2023-02-21T00:00:20","modified_gmt":"2023-02-20T23:00:20","slug":"creez-votre-entreprise-efficacement","status":"publish","type":"page","link":"https:\/\/progres-c.com\/index.php\/consulting\/creez-votre-entreprise-efficacement\/","title":{"rendered":"Cr\u00e9ez votre entreprise efficacement"},"content":{"rendered":"<div data-colibri-id=\"921-c1\" class=\"style-457 style-local-921-c1 position-relative\">\n  <!---->\n  <div data-colibri-component=\"section\" data-colibri-id=\"921-c9\" id=\"about-2\" class=\"h-section h-section-global-spacing d-flex align-items-lg-center align-items-md-center align-items-center style-474 style-local-921-c9 position-relative\">\n    <!---->\n    <!---->\n    <div class=\"h-section-grid-container h-section-boxed-container\">\n      <!---->\n      <div data-colibri-id=\"921-c10\" class=\"h-row-container gutters-row-lg-0 gutters-row-md-0 gutters-row-0 gutters-row-v-lg-0 gutters-row-v-md-0 gutters-row-v-0 style-475 style-local-921-c10 position-relative\">\n        <!---->\n        <div class=\"h-row justify-content-lg-center justify-content-md-center justify-content-center align-items-lg-stretch align-items-md-stretch align-items-stretch gutters-col-lg-0 gutters-col-md-0 gutters-col-0 gutters-col-v-lg-0 gutters-col-v-md-0 gutters-col-v-0\">\n          <!---->\n          <div class=\"h-column h-column-container d-flex h-col-lg-auto h-col-md-auto h-col-auto style-476-outer style-local-921-c11-outer\">\n            <div data-colibri-id=\"921-c11\" class=\"d-flex h-flex-basis h-column__inner h-ui-empty-state-container h-px-lg-0 h-px-md-0 h-px-0 v-inner-lg-0 v-inner-md-0 v-inner-0 style-476 style-local-921-c11 position-relative\">\n              <!---->\n              <!---->\n              <div class=\"w-100 h-y-container h-column__content h-column__v-align flex-basis-100\">\n                <!---->\n              <\/div>\n            <\/div>\n          <\/div>\n          <div class=\"h-column h-column-container d-flex h-col-lg-auto h-col-md-auto h-col-auto style-477-outer style-local-921-c12-outer\">\n            <div data-colibri-id=\"921-c12\" class=\"d-flex h-flex-basis h-column__inner h-px-lg-2 h-px-md-2 h-px-2 v-inner-lg-2 v-inner-md-2 v-inner-2 style-477 style-local-921-c12 position-relative\">\n              <!---->\n              <!---->\n              <div class=\"w-100 h-y-container h-column__content h-column__v-align flex-basis-100 align-self-lg-start align-self-md-start align-self-start\">\n                <!---->\n                <div data-colibri-id=\"921-c14\" class=\"h-global-transition-all h-heading style-479 style-local-921-c14 position-relative h-element\">\n                  <!---->\n                  <div class=\"h-heading__outer style-479 style-local-921-c14\">\n                    <!---->\n                    <!---->\n                    <h4 class=\"\">Cr\u00e9ez votre entreprise efficacement<\/h4>\n                  <\/div>\n                <\/div>\n                <div data-colibri-id=\"921-c15\" class=\"h-text h-text-component style-480 style-local-921-c15 position-relative h-element\">\n                  <!---->\n                  <!---->\n                  <div class=\"\">\n                    <p><span style=\"color: rgb(23, 37, 42);\">Saviez-vous qu\u2019un mauvais coup avec votre entreprise peut vous faire perdre toutes les \u00e9conomies de votre famille?<\/span><\/p>\n                    <p><span style=\"font-weight: 400; font-size: 16px; font-family: &quot;Open Sans&quot;; color: rgb(23, 37, 42);\">Pour autant, certain types de soci\u00e9t\u00e9 vous prot\u00e8gerons davantage alors que d\u2019autres vous permettrons de payer moins d\u2019imp\u00f4ts.&nbsp;***<\/span><\/p>\n                    <p><em style=\"font-weight: 400; font-size: 16px; font-family: &quot;Open Sans&quot;; color: rgb(23, 37, 42);\">\ufeff***&nbsp;<\/em>\n                      <a href=\"https:\/\/lenouvelliste.com\/article\/207457\/le-cri-des-entrepreneurs-qui-ont-tout-perdu\" style=\"font-weight: 400; font-size: 1em; font-family: &quot;Open Sans&quot;; color: rgb(3, 169, 244);\"\n                        class=\"customize-unpreviewable\"><em>exemples<\/em><\/a>\n                    <\/p>\n                  <\/div>\n                <\/div>\n              <\/div>\n            <\/div>\n          <\/div>\n        <\/div>\n      <\/div>\n    <\/div>\n  <\/div>\n<\/div>","protected":false},"excerpt":{"rendered":"<p>Cr\u00e9ez votre entreprise efficacement Saviez-vous qu\u2019un mauvais coup avec votre entreprise peut vous faire perdre toutes les \u00e9conomies de votre famille? Pour autant, certain types de soci\u00e9t\u00e9 vous prot\u00e8gerons davantage alors que d\u2019autres vous permettrons de payer moins d\u2019imp\u00f4ts.&nbsp;*** \ufeff***&nbsp; exemples<\/p>\n","protected":false},"author":1,"featured_media":0,"parent":120,"menu_order":0,"comment_status":"closed","ping_status":"closed","template":"page-templates\/full-width-page.php","meta":[],"_links":{"self":[{"href":"https:\/\/progres-c.com\/index.php\/wp-json\/wp\/v2\/pages\/921"}],"collection":[{"href":"https:\/\/progres-c.com\/index.php\/wp-json\/wp\/v2\/pages"}],"about":[{"href":"https:\/\/progres-c.com\/index.php\/wp-json\/wp\/v2\/types\/page"}],"author":[{"embeddable":true,"href":"https:\/\/progres-c.com\/index.php\/wp-json\/wp\/v2\/users\/1"}],"replies":[{"embeddable":true,"href":"https:\/\/progres-c.com\/index.php\/wp-json\/wp\/v2\/comments?post=921"}],"version-history":[{"count":4,"href":"https:\/\/progres-c.com\/index.php\/wp-json\/wp\/v2\/pages\/921\/revisions"}],"predecessor-version":[{"id":975,"href":"https:\/\/progres-c.com\/index.php\/wp-json\/wp\/v2\/pages\/921\/revisions\/975"}],"up":[{"embeddable":true,"href":"https:\/\/progres-c.com\/index.php\/wp-json\/wp\/v2\/pages\/120"}],"wp:attachment":[{"href":"https:\/\/progres-c.com\/index.php\/wp-json\/wp\/v2\/media?parent=921"}],"curies":[{"name":"wp","href":"https:\/\/api.w.org\/{rel}","templated":true}]}}