{"id":900,"date":"2023-02-20T23:39:24","date_gmt":"2023-02-20T22:39:24","guid":{"rendered":"http:\/\/progres-c.com\/?page_id=900"},"modified":"2023-02-20T23:59:08","modified_gmt":"2023-02-20T22:59:08","slug":"augmentez-votre-remuneration-de-dirigeant","status":"publish","type":"page","link":"https:\/\/progres-c.com\/index.php\/consulting\/augmentez-votre-remuneration-de-dirigeant\/","title":{"rendered":"Augmentez votre r\u00e9mun\u00e9ration de dirigeant"},"content":{"rendered":"<div data-colibri-id=\"900-c1\" class=\"style-449 style-local-900-c1 position-relative\">\n  <!---->\n  <div data-colibri-component=\"section\" data-colibri-id=\"900-c9\" id=\"about-2\" class=\"h-section h-section-global-spacing d-flex align-items-lg-center align-items-md-center align-items-center style-467 style-local-900-c9 position-relative\">\n    <!---->\n    <!---->\n    <div class=\"h-section-grid-container h-section-boxed-container\">\n      <!---->\n      <div data-colibri-id=\"900-c10\" class=\"h-row-container gutters-row-lg-0 gutters-row-md-0 gutters-row-0 gutters-row-v-lg-0 gutters-row-v-md-0 gutters-row-v-0 style-468 style-local-900-c10 position-relative\">\n        <!---->\n        <div class=\"h-row justify-content-lg-center justify-content-md-center justify-content-center align-items-lg-stretch align-items-md-stretch align-items-stretch gutters-col-lg-0 gutters-col-md-0 gutters-col-0 gutters-col-v-lg-0 gutters-col-v-md-0 gutters-col-v-0\">\n          <!---->\n          <div class=\"h-column h-column-container d-flex h-col-lg-auto h-col-md-auto h-col-auto style-469-outer style-local-900-c11-outer\">\n            <div data-colibri-id=\"900-c11\" class=\"d-flex h-flex-basis h-column__inner h-ui-empty-state-container h-px-lg-0 h-px-md-0 h-px-0 v-inner-lg-0 v-inner-md-0 v-inner-0 style-469 style-local-900-c11 position-relative\">\n              <!---->\n              <!---->\n              <div class=\"w-100 h-y-container h-column__content h-column__v-align flex-basis-100\">\n                <!---->\n              <\/div>\n            <\/div>\n          <\/div>\n          <div class=\"h-column h-column-container d-flex h-col-lg-auto h-col-md-auto h-col-auto style-470-outer style-local-900-c12-outer\">\n            <div data-colibri-id=\"900-c12\" class=\"d-flex h-flex-basis h-column__inner h-px-lg-2 h-px-md-2 h-px-2 v-inner-lg-2 v-inner-md-2 v-inner-2 style-470 style-local-900-c12 position-relative\">\n              <!---->\n              <!---->\n              <div class=\"w-100 h-y-container h-column__content h-column__v-align flex-basis-100 align-self-lg-start align-self-md-start align-self-start\">\n                <!---->\n                <div data-colibri-id=\"900-c14\" class=\"h-global-transition-all h-heading style-472 style-local-900-c14 position-relative h-element\">\n                  <!---->\n                  <div class=\"h-heading__outer style-472 style-local-900-c14\">\n                    <!---->\n                    <!---->\n                    <h4 class=\"\">Augmentez votre r\u00e9mun\u00e9ration de dirigeant<\/h4>\n                  <\/div>\n                <\/div>\n                <div data-colibri-id=\"900-c15\" class=\"h-text h-text-component style-473 style-local-900-c15 position-relative h-element\">\n                  <!---->\n                  <!---->\n                  <div class=\"\">\n                    <p><span style=\"font-weight: 400; font-size: 16px; font-family: &quot;Open Sans&quot;; color: rgb(23, 37, 42);\">Saviez-vous que si votre entreprise vous d\u00e9pense 100\u20ac dans votre salaire, vous n\u2019allez gagner que 53\u20ac? *<\/span><span><br><\/span>\n                      <span\n                        style=\"font-weight: 400; font-size: 16px; font-family: &quot;Open Sans&quot;; color: rgb(23, 37, 42);\">F\u00e2cheusement, en tant que dividende, ce n\u2019est pas mieux avec seulement 52.5\u20ac pour vous.**<\/span>\n                    <\/p>\n                    <p><span style=\"font-weight: 400; font-size: 16px; font-family: &quot;Open Sans&quot;; color: rgb(23, 37, 42);\">Pour autant il existe un certain nombre de niche fiscales et autres solutions pour que ces 100\u20ac d\u00e9penses arrivent directement dans votre poche, sans payer de taxe.<\/span><\/p>\n                    <p><em style=\"font-weight: 400; font-size: 16px; font-family: &quot;Open Sans&quot;; color: rgb(23, 37, 42);\"><span>\ufeff* 45% de charges patronales sur le salaire brut. Salaire brut = net x1.28&nbsp;<\/span><\/em>\n                      <a href=\"https:\/\/www.dougs.fr\/blog\/comment-calculer-remuneration-president-sasu\/#:~:text=Exemple%2C%20vous%20souhaitez%202.000%20%E2%82%AC,*%2045%25%20%3D%201%20152%20%E2%82%AC\"\n                        class=\"customize-unpreviewable\" style=\"font-weight: 400; font-size: 1em; font-family: &quot;Open Sans&quot;; color: rgb(3, 169, 244);\"><em>source<\/em><\/a><em style=\"font-weight: 400; font-size: 16px; font-family: &quot;Open Sans&quot;; color: rgb(23, 37, 42);\"><span><br><\/span>** 25% d\u2019imp\u00f4t sur les b\u00e9n\u00e9fices puis 30% d\u2019imp\u00f4t sur les dividendes&nbsp;<\/em>\n                      <a href=\"https:\/\/www.impots.gouv.fr\/international-professionnel\/impot-sur-les-societes\"\n                        class=\"customize-unpreviewable\" style=\"font-weight: 400; font-size: 1em; font-family: &quot;Open Sans&quot;; color: rgb(3, 169, 244);\"><em>source<\/em><\/a>\n                    <\/p>\n                    <p>\n                      <br>\n                    <\/p>\n                    <p>\n                      <br>\n                    <\/p>\n                  <\/div>\n                <\/div>\n              <\/div>\n            <\/div>\n          <\/div>\n        <\/div>\n      <\/div>\n    <\/div>\n  <\/div>\n<\/div>","protected":false},"excerpt":{"rendered":"<p>Augmentez votre r\u00e9mun\u00e9ration de dirigeant Saviez-vous que si votre entreprise vous d\u00e9pense 100\u20ac dans votre salaire, vous n\u2019allez gagner que 53\u20ac? * F\u00e2cheusement, en tant que dividende, ce n\u2019est pas mieux avec seulement 52.5\u20ac pour vous.** Pour autant il existe un certain nombre de niche fiscales et autres solutions pour que ces 100\u20ac d\u00e9penses arrivent [&hellip;]<\/p>\n","protected":false},"author":1,"featured_media":0,"parent":120,"menu_order":0,"comment_status":"closed","ping_status":"closed","template":"page-templates\/full-width-page.php","meta":[],"_links":{"self":[{"href":"https:\/\/progres-c.com\/index.php\/wp-json\/wp\/v2\/pages\/900"}],"collection":[{"href":"https:\/\/progres-c.com\/index.php\/wp-json\/wp\/v2\/pages"}],"about":[{"href":"https:\/\/progres-c.com\/index.php\/wp-json\/wp\/v2\/types\/page"}],"author":[{"embeddable":true,"href":"https:\/\/progres-c.com\/index.php\/wp-json\/wp\/v2\/users\/1"}],"replies":[{"embeddable":true,"href":"https:\/\/progres-c.com\/index.php\/wp-json\/wp\/v2\/comments?post=900"}],"version-history":[{"count":4,"href":"https:\/\/progres-c.com\/index.php\/wp-json\/wp\/v2\/pages\/900\/revisions"}],"predecessor-version":[{"id":968,"href":"https:\/\/progres-c.com\/index.php\/wp-json\/wp\/v2\/pages\/900\/revisions\/968"}],"up":[{"embeddable":true,"href":"https:\/\/progres-c.com\/index.php\/wp-json\/wp\/v2\/pages\/120"}],"wp:attachment":[{"href":"https:\/\/progres-c.com\/index.php\/wp-json\/wp\/v2\/media?parent=900"}],"curies":[{"name":"wp","href":"https:\/\/api.w.org\/{rel}","templated":true}]}}