{"id":753,"date":"2023-02-20T16:03:01","date_gmt":"2023-02-20T15:03:01","guid":{"rendered":"http:\/\/progres-c.com\/?page_id=753"},"modified":"2023-02-20T16:12:55","modified_gmt":"2023-02-20T15:12:55","slug":"negociez-en-anglais","status":"publish","type":"page","link":"https:\/\/progres-c.com\/index.php\/consulting\/negociez-en-anglais\/","title":{"rendered":"N\u00e9gociez en anglais"},"content":{"rendered":"<div data-colibri-id=\"753-c1\" class=\"style-412 style-local-753-c1 position-relative\">\n  <!---->\n  <div data-colibri-component=\"section\" data-colibri-id=\"753-c2\" id=\"about\" class=\"h-section h-section-global-spacing d-flex align-items-lg-center align-items-md-center align-items-center style-413 style-local-753-c2 position-relative\">\n    <!---->\n    <!---->\n    <div class=\"h-section-grid-container h-section-boxed-container\">\n      <!---->\n      <div data-colibri-id=\"753-c3\" class=\"h-row-container gutters-row-lg-0 gutters-row-md-0 gutters-row-0 gutters-row-v-lg-0 gutters-row-v-md-0 gutters-row-v-0 style-414 style-local-753-c3 position-relative\">\n        <!---->\n        <div class=\"h-row justify-content-lg-center justify-content-md-center justify-content-center align-items-lg-stretch align-items-md-stretch align-items-stretch gutters-col-lg-0 gutters-col-md-0 gutters-col-0 gutters-col-v-lg-0 gutters-col-v-md-0 gutters-col-v-0\">\n          <!---->\n          <div class=\"h-column h-column-container d-flex h-col-lg-auto h-col-md-auto h-col-auto style-415-outer style-local-753-c4-outer\">\n            <div data-colibri-id=\"753-c4\" class=\"d-flex h-flex-basis h-column__inner h-ui-empty-state-container h-px-lg-0 h-px-md-0 h-px-0 v-inner-lg-0 v-inner-md-0 v-inner-0 style-415 style-local-753-c4 position-relative\">\n              <!---->\n              <!---->\n              <div class=\"w-100 h-y-container h-column__content h-column__v-align flex-basis-100\">\n                <!---->\n              <\/div>\n            <\/div>\n          <\/div>\n          <div class=\"h-column h-column-container d-flex h-col-lg-auto h-col-md-auto h-col-auto style-416-outer style-local-753-c5-outer\">\n            <div data-colibri-id=\"753-c5\" class=\"d-flex h-flex-basis h-column__inner h-px-lg-2 h-px-md-2 h-px-2 v-inner-lg-2 v-inner-md-2 v-inner-2 style-416 style-local-753-c5 position-relative\">\n              <!---->\n              <!---->\n              <div class=\"w-100 h-y-container h-column__content h-column__v-align flex-basis-100 align-self-lg-start align-self-md-start align-self-start\">\n                <!---->\n                <div data-colibri-id=\"753-c6\" class=\"h-global-transition-all h-heading style-418 style-local-753-c6 position-relative h-element\">\n                  <!---->\n                  <div class=\"h-heading__outer style-418 style-local-753-c6\">\n                    <!---->\n                    <!---->\n                    <h4 class=\"\">N\u00e9gociez en anglais<\/h4>\n                  <\/div>\n                <\/div>\n                <div data-colibri-id=\"753-c7\" class=\"h-text h-text-component style-419 style-local-753-c7 position-relative h-element\">\n                  <!---->\n                  <!---->\n                  <div class=\"\">\n                    <p><span style=\"font-weight: 400; font-size: 16px; font-family: &quot;Open Sans&quot;; color: rgb(23, 37, 42);\">Saviez-vous que l\u2019anglais est la langue la plus parl\u00e9e au monde? *****<\/span><\/p>\n                    <p><span style=\"font-weight: 400; font-size: 16px; font-family: &quot;Open Sans&quot;; color: rgb(23, 37, 42);\">Pour autant, il n\u2019est pas n\u00e9cessaire d\u2019\u00eatre bilingue pour mener \u00e0 bien une n\u00e9gociation dans la langue de Shakespeare. L\u2019essentiel est de se faire comprendre et de comprendre l\u2019autre.&nbsp;<\/span><\/p>\n                    <p><em style=\"font-weight: 400; font-size: 16px; font-family: &quot;Open Sans&quot;; color: rgb(23, 37, 42);\">*****&nbsp;<\/em>&nbsp;\n                      <a href=\"https:\/\/1to1progress.fr\" style=\"font-family: &quot;Open Sans&quot;; font-weight: 400; font-size: 1em; color: rgb(3, 169, 244);\"\n                        class=\"customize-unpreviewable\"><em>source<\/em><\/a>\n                    <\/p>\n                    <p>\n                      <br>\n                    <\/p>\n                  <\/div>\n                <\/div>\n              <\/div>\n            <\/div>\n          <\/div>\n        <\/div>\n      <\/div>\n    <\/div>\n  <\/div>\n<\/div>","protected":false},"excerpt":{"rendered":"<p>N\u00e9gociez en anglais Saviez-vous que l\u2019anglais est la langue la plus parl\u00e9e au monde? ***** Pour autant, il n\u2019est pas n\u00e9cessaire d\u2019\u00eatre bilingue pour mener \u00e0 bien une n\u00e9gociation dans la langue de Shakespeare. L\u2019essentiel est de se faire comprendre et de comprendre l\u2019autre.&nbsp; *****&nbsp;&nbsp; source<\/p>\n","protected":false},"author":1,"featured_media":0,"parent":120,"menu_order":0,"comment_status":"closed","ping_status":"closed","template":"page-templates\/full-width-page.php","meta":[],"_links":{"self":[{"href":"https:\/\/progres-c.com\/index.php\/wp-json\/wp\/v2\/pages\/753"}],"collection":[{"href":"https:\/\/progres-c.com\/index.php\/wp-json\/wp\/v2\/pages"}],"about":[{"href":"https:\/\/progres-c.com\/index.php\/wp-json\/wp\/v2\/types\/page"}],"author":[{"embeddable":true,"href":"https:\/\/progres-c.com\/index.php\/wp-json\/wp\/v2\/users\/1"}],"replies":[{"embeddable":true,"href":"https:\/\/progres-c.com\/index.php\/wp-json\/wp\/v2\/comments?post=753"}],"version-history":[{"count":5,"href":"https:\/\/progres-c.com\/index.php\/wp-json\/wp\/v2\/pages\/753\/revisions"}],"predecessor-version":[{"id":814,"href":"https:\/\/progres-c.com\/index.php\/wp-json\/wp\/v2\/pages\/753\/revisions\/814"}],"up":[{"embeddable":true,"href":"https:\/\/progres-c.com\/index.php\/wp-json\/wp\/v2\/pages\/120"}],"wp:attachment":[{"href":"https:\/\/progres-c.com\/index.php\/wp-json\/wp\/v2\/media?parent=753"}],"curies":[{"name":"wp","href":"https:\/\/api.w.org\/{rel}","templated":true}]}}