{"id":689,"date":"2023-02-20T15:53:22","date_gmt":"2023-02-20T14:53:22","guid":{"rendered":"http:\/\/progres-c.com\/?page_id=689"},"modified":"2023-02-20T23:54:25","modified_gmt":"2023-02-20T22:54:25","slug":"renegociez-vos-contrats","status":"publish","type":"page","link":"https:\/\/progres-c.com\/index.php\/consulting\/renegociez-vos-contrats\/","title":{"rendered":"Ren\u00e9gociez vos contrats\u00a0"},"content":{"rendered":"<div data-colibri-id=\"689-c1\" class=\"style-396 style-local-689-c1 position-relative\">\n  <!---->\n  <div data-colibri-component=\"section\" data-colibri-id=\"689-c2\" id=\"about\" class=\"h-section h-section-global-spacing d-flex align-items-lg-center align-items-md-center align-items-center style-397 style-local-689-c2 position-relative\">\n    <!---->\n    <!---->\n    <div class=\"h-section-grid-container h-section-boxed-container\">\n      <!---->\n      <div data-colibri-id=\"689-c3\" class=\"h-row-container gutters-row-lg-0 gutters-row-md-0 gutters-row-0 gutters-row-v-lg-0 gutters-row-v-md-0 gutters-row-v-0 style-398 style-local-689-c3 position-relative\">\n        <!---->\n        <div class=\"h-row justify-content-lg-center justify-content-md-center justify-content-center align-items-lg-stretch align-items-md-stretch align-items-stretch gutters-col-lg-0 gutters-col-md-0 gutters-col-0 gutters-col-v-lg-0 gutters-col-v-md-0 gutters-col-v-0\">\n          <!---->\n          <div class=\"h-column h-column-container d-flex h-col-lg-auto h-col-md-auto h-col-auto style-399-outer style-local-689-c4-outer\">\n            <div data-colibri-id=\"689-c4\" class=\"d-flex h-flex-basis h-column__inner h-ui-empty-state-container h-px-lg-0 h-px-md-0 h-px-0 v-inner-lg-0 v-inner-md-0 v-inner-0 style-399 style-local-689-c4 position-relative\">\n              <!---->\n              <!---->\n              <div class=\"w-100 h-y-container h-column__content h-column__v-align flex-basis-100\">\n                <!---->\n              <\/div>\n            <\/div>\n          <\/div>\n          <div class=\"h-column h-column-container d-flex h-col-lg-auto h-col-md-auto h-col-auto style-400-outer style-local-689-c5-outer\">\n            <div data-colibri-id=\"689-c5\" class=\"d-flex h-flex-basis h-column__inner h-px-lg-2 h-px-md-2 h-px-2 v-inner-lg-2 v-inner-md-2 v-inner-2 style-400 style-local-689-c5 position-relative\">\n              <!---->\n              <!---->\n              <div class=\"w-100 h-y-container h-column__content h-column__v-align flex-basis-100 align-self-lg-start align-self-md-start align-self-start\">\n                <!---->\n                <div data-colibri-id=\"689-c6\" class=\"h-global-transition-all h-heading style-402 style-local-689-c6 position-relative h-element\">\n                  <!---->\n                  <div class=\"h-heading__outer style-402 style-local-689-c6\">\n                    <!---->\n                    <!---->\n                    <h4 class=\"\">Ren\u00e9gociez vos contrats<\/h4>\n                  <\/div>\n                <\/div>\n                <div data-colibri-id=\"689-c7\" class=\"h-text h-text-component style-403 style-local-689-c7 position-relative h-element\">\n                  <!---->\n                  <!---->\n                  <div class=\"\">\n                    <p><span style=\"color: rgb(23, 37, 42); font-family: &quot;Open Sans&quot;; font-size: 16px; font-weight: 400;\">Saviez-vous que le diesel \u00e0 augment\u00e9 de 27.60% entre 2021 et 2022?**<\/span><\/p>\n                    <p><em style=\"color: rgb(23, 37, 42); font-family: &quot;Open Sans&quot;; font-size: 16px; font-weight: 400;\"><br><\/em><span style=\"color: rgb(23, 37, 42); font-family: &quot;Open Sans&quot;; font-size: 16px; font-weight: 400;\">Votre environnement a \u00e9volu\u00e9 et vous avez besoin de ren\u00e9gocier les termes de vos contrats mais vous anticipez une r\u00e9ponse peu agr\u00e9able de la part de vos clients.<\/span>\n                      <em\n                        style=\"color: rgb(23, 37, 42); font-family: &quot;Open Sans&quot;; font-size: 16px; font-weight: 400;\">\n                        <br>\n                        <\/em><span style=\"color: rgb(23, 37, 42); font-family: &quot;Open Sans&quot;; font-size: 16px; font-weight: 400;\">Comprendre la valeur de votre offre pour vos client et les b\u00e9n\u00e9fices qu\u2019ils en retirent vous aidera \u00e0 d\u00e9fendre vos demandes.<\/span><\/p>\n                    <p><em style=\"color: rgb(23, 37, 42); font-family: &quot;Open Sans&quot;; font-size: 16px; font-weight: 400;\">**&nbsp;<\/em>&nbsp;\n                      <a href=\"https:\/\/carbu.com\/france\/prixmoyens\" class=\"customize-unpreviewable\" style=\"color: rgb(3, 169, 244); font-size: 1em; font-weight: 400; font-family: &quot;Open Sans&quot;;\"><em>source<\/em><\/a>\n                    <\/p>\n                    <p>\n                      <br>\n                    <\/p>\n                  <\/div>\n                <\/div>\n              <\/div>\n            <\/div>\n          <\/div>\n        <\/div>\n      <\/div>\n    <\/div>\n  <\/div>\n<\/div>","protected":false},"excerpt":{"rendered":"<p>Ren\u00e9gociez vos contrats Saviez-vous que le diesel \u00e0 augment\u00e9 de 27.60% entre 2021 et 2022?** Votre environnement a \u00e9volu\u00e9 et vous avez besoin de ren\u00e9gocier les termes de vos contrats mais vous anticipez une r\u00e9ponse peu agr\u00e9able de la part de vos clients. Comprendre la valeur de votre offre pour vos client et les b\u00e9n\u00e9fices [&hellip;]<\/p>\n","protected":false},"author":1,"featured_media":0,"parent":120,"menu_order":0,"comment_status":"closed","ping_status":"closed","template":"page-templates\/full-width-page.php","meta":[],"_links":{"self":[{"href":"https:\/\/progres-c.com\/index.php\/wp-json\/wp\/v2\/pages\/689"}],"collection":[{"href":"https:\/\/progres-c.com\/index.php\/wp-json\/wp\/v2\/pages"}],"about":[{"href":"https:\/\/progres-c.com\/index.php\/wp-json\/wp\/v2\/types\/page"}],"author":[{"embeddable":true,"href":"https:\/\/progres-c.com\/index.php\/wp-json\/wp\/v2\/users\/1"}],"replies":[{"embeddable":true,"href":"https:\/\/progres-c.com\/index.php\/wp-json\/wp\/v2\/comments?post=689"}],"version-history":[{"count":6,"href":"https:\/\/progres-c.com\/index.php\/wp-json\/wp\/v2\/pages\/689\/revisions"}],"predecessor-version":[{"id":938,"href":"https:\/\/progres-c.com\/index.php\/wp-json\/wp\/v2\/pages\/689\/revisions\/938"}],"up":[{"embeddable":true,"href":"https:\/\/progres-c.com\/index.php\/wp-json\/wp\/v2\/pages\/120"}],"wp:attachment":[{"href":"https:\/\/progres-c.com\/index.php\/wp-json\/wp\/v2\/media?parent=689"}],"curies":[{"name":"wp","href":"https:\/\/api.w.org\/{rel}","templated":true}]}}