{"id":41,"date":"2022-02-04T18:54:37","date_gmt":"2022-02-04T17:54:37","guid":{"rendered":"http:\/\/progres-c.com\/index.php\/colibri-wp\/"},"modified":"2022-10-19T10:23:42","modified_gmt":"2022-10-19T08:23:42","slug":"colibri-wp","status":"publish","type":"page","link":"https:\/\/progres-c.com\/","title":{"rendered":"Front Page"},"content":{"rendered":"<div data-colibri-id=\"41-c1\" class=\"style-193 style-local-41-c1 position-relative\">\n  <!---->\n  <div data-colibri-component=\"section\" data-colibri-id=\"41-c2\" id=\"overlappable\" class=\"h-section h-section-global-spacing d-flex align-items-lg-center align-items-md-center align-items-center style-194 style-local-41-c2 position-relative\">\n    <!---->\n    <!---->\n    <div class=\"h-section-grid-container h-section-boxed-container\">\n      <!---->\n      <div data-colibri-id=\"41-c3\" class=\"h-row-container gutters-row-lg-2 gutters-row-md-0 gutters-row-2 gutters-row-v-lg-2 gutters-row-v-md-0 gutters-row-v-2 style-195 style-local-41-c3 position-relative\">\n        <!---->\n        <div class=\"h-row justify-content-lg-center justify-content-md-center justify-content-center align-items-lg-stretch align-items-md-stretch align-items-stretch gutters-col-lg-2 gutters-col-md-0 gutters-col-2 gutters-col-v-lg-2 gutters-col-v-md-0 gutters-col-v-2\">\n          <!---->\n          <div class=\"h-column h-column-container d-flex h-col-lg-4 h-col-md-4 h-col-12 style-196-outer style-local-41-c4-outer\">\n            <div data-colibri-id=\"41-c4\" class=\"d-flex h-flex-basis h-column__inner h-px-lg-2 h-px-md-3 h-px-2 v-inner-lg-0 v-inner-md-3 v-inner-2 style-196 style-local-41-c4 position-relative\">\n              <!---->\n              <!---->\n              <div class=\"w-100 h-y-container h-column__content h-column__v-align flex-basis-100 align-self-lg-start align-self-md-start align-self-start\">\n                <!---->\n                <div data-colibri-id=\"41-c5\" class=\"h-icon style-197 style-local-41-c5 position-relative h-element\">\n                  <!---->\n                  <a href=\"http:\/\/progres-c.com\/index.php\/formation\/\" h-use-smooth-scroll=\"true\"><span class=\"h-svg-icon h-icon__icon style-197-icon style-local-41-c5-icon\"><!--Icon by Font Awesome (https:\/\/fontawesome.com)-->\n    <svg version=\"1.1\" xmlns=\"http:\/\/www.w3.org\/2000\/svg\" xmlns:xlink=\"http:\/\/www.w3.org\/1999\/xlink\" id=\"mortar-board\" viewBox=\"0 0 2304 1896.0833\">\n      <path d=\"M1774 836l18 316q4 69-82 128t-235 93.5-323 34.5-323-34.5-235-93.5-82-128l18-316 574 181q22 7 48 7t48-7zm530-324q0 23-22 31L1162 895q-4 1-10 1t-10-1L490 689q-43 34-71 111.5T385 979q63 36 63 109 0 69-58 107l58 433q2 14-8 25-9 11-24 11H224q-15 0-24-11-10-11-8-25l58-433q-58-38-58-107 0-73 65-111 11-207 98-330L22 543q-22-8-22-31t22-31l1120-352q4-1 10-1t10 1l1120 352q22 8 22 31z\"><\/path>\n    <\/svg><\/span><\/a>\n                <\/div>\n                <div data-colibri-id=\"41-c6\" class=\"h-global-transition-all h-heading style-198 style-local-41-c6 position-relative h-element\">\n                  <!---->\n                  <div class=\"h-heading__outer style-198 style-local-41-c6\">\n                    <!---->\n                    <!---->\n                    <a href=\"http:\/\/progres-c.com\/index.php\/formation\/\" h-use-smooth-scroll=\"true\">\n                      <h4 class=\"\">Formation<\/h4>\n                    <\/a>\n                  <\/div>\n                <\/div>\n                <div data-colibri-id=\"41-c7\" class=\"h-lead h-text h-text-component style-199 style-local-41-c7 position-relative h-element\">\n                  <!---->\n                  <!---->\n                  <div class=\"\">\n                    <p>Le seul bien qui se multiplie en se donnant c&#8217;est le savoir.\n                      <br>D\u00e9couvrez toutes nos formations et choisissez votre voie de progression.<\/p>\n                  <\/div>\n                <\/div>\n              <\/div>\n            <\/div>\n          <\/div>\n          <div class=\"h-column h-column-container d-flex h-col-lg-4 h-col-md-4 h-col-12 style-196-outer style-local-41-c8-outer\">\n            <div data-colibri-id=\"41-c8\" class=\"d-flex h-flex-basis h-column__inner h-px-lg-2 h-px-md-3 h-px-2 v-inner-lg-0 v-inner-md-3 v-inner-2 style-196 style-local-41-c8 position-relative\">\n              <!---->\n              <!---->\n              <div class=\"w-100 h-y-container h-column__content h-column__v-align flex-basis-100 align-self-lg-start align-self-md-start align-self-start\">\n                <!---->\n                <div data-colibri-id=\"41-c9\" class=\"h-icon style-197 style-local-41-c9 position-relative h-element\">\n                  <!---->\n                  <a href=\"http:\/\/progres-c.com\/index.php\/consulting\/\" h-use-smooth-scroll=\"true\"><span class=\"h-svg-icon h-icon__icon style-197-icon style-local-41-c9-icon\"><!--Icon by Font Awesome (https:\/\/fontawesome.com)-->\n    <svg version=\"1.1\" xmlns=\"http:\/\/www.w3.org\/2000\/svg\" xmlns:xlink=\"http:\/\/www.w3.org\/1999\/xlink\" id=\"umbrella\" viewBox=\"0 0 1664 1896.0833\">\n      <path d=\"M896 828v580q0 104-76 180t-180 76-180-76-76-180q0-26 19-45t45-19 45 19 19 45q0 50 39 89t89 39 89-39 39-89V828q33-11 64-11t64 11zm768 27q0 13-9.5 22.5T1632 887q-11 0-23-10-49-46-93-69t-102-23q-68 0-128 37t-103 97q-7 10-17.5 28t-14.5 24q-11 17-28 17-18 0-29-17-4-6-14.5-24t-17.5-28q-43-60-102.5-97T832 785t-127.5 37T602 919q-7 10-17.5 28T570 971q-11 17-29 17-17 0-28-17-4-6-14.5-24T481 919q-43-60-103-97t-128-37q-58 0-102 23t-93 69q-12 10-23 10-13 0-22.5-9.5T0 855q0-5 1-7 45-183 172.5-319.5t298-204.5T832 256q140 0 274.5 40T1353 409.5t194.5 187T1663 848q1 2 1 7zM896 128v98q-42-2-64-2t-64 2v-98q0-26 19-45t45-19 45 19 19 45z\"><\/path>\n    <\/svg><\/span><\/a>\n                <\/div>\n                <div data-colibri-id=\"41-c10\" class=\"h-global-transition-all h-heading style-198 style-local-41-c10 position-relative h-element\">\n                  <!---->\n                  <div class=\"h-heading__outer style-198 style-local-41-c10\">\n                    <!---->\n                    <!---->\n                    <a href=\"http:\/\/progres-c.com\/index.php\/consulting\/\" h-use-smooth-scroll=\"true\">\n                      <h4 class=\"\">Consulting<\/h4>\n                    <\/a>\n                  <\/div>\n                <\/div>\n                <div data-colibri-id=\"41-c11\" class=\"h-lead h-text h-text-component style-199 style-local-41-c11 position-relative h-element\">\n                  <!---->\n                  <!---->\n                  <div class=\"\">\n                    <p>Nos experts peuvent vous conseiller dans vos projets de d\u00e9veloppement. Voici les diff\u00e9rentes missions qu&#8217;ils proposent.<\/p>\n                  <\/div>\n                <\/div>\n              <\/div>\n            <\/div>\n          <\/div>\n          <div class=\"h-column h-column-container d-flex h-col-lg-4 h-col-md-4 h-col-12 style-196-outer style-local-41-c12-outer\">\n            <div data-colibri-id=\"41-c12\" class=\"d-flex h-flex-basis h-column__inner h-px-lg-2 h-px-md-3 h-px-2 v-inner-lg-0 v-inner-md-3 v-inner-2 style-196 style-local-41-c12 position-relative\">\n              <!---->\n              <!---->\n              <div class=\"w-100 h-y-container h-column__content h-column__v-align flex-basis-100 align-self-lg-start align-self-md-start align-self-start\">\n                <!---->\n                <div data-colibri-id=\"41-c13\" class=\"h-icon style-197 style-local-41-c13 position-relative h-element\">\n                  <!---->\n                  <a href=\"http:\/\/progres-c.com\/index.php\/accompagnement\/\" h-use-smooth-scroll=\"true\"><span class=\"h-svg-icon h-icon__icon style-197-icon style-local-41-c13-icon\"><!--Icon by Font Awesome (https:\/\/fontawesome.com)-->\n    <svg version=\"1.1\" xmlns=\"http:\/\/www.w3.org\/2000\/svg\" xmlns:xlink=\"http:\/\/www.w3.org\/1999\/xlink\" id=\"rocket\" viewBox=\"0 0 1664 1896.0833\">\n      <path d=\"M1440 448q0-40-28-68t-68-28-68 28-28 68 28 68 68 28 68-28 28-68zm224-288q0 249-75.5 430.5T1335 951q-81 80-195 176l-20 379q-2 16-16 26l-384 224q-7 4-16 4-12 0-23-9l-64-64q-13-14-8-32l85-276-281-281-276 85q-3 1-9 1-14 0-23-9l-64-64q-17-19-5-39l224-384q10-14 26-16l379-20q96-114 176-195 188-187 358-258t431-71q14 0 24 9.5t10 22.5z\"><\/path>\n    <\/svg><\/span><\/a>\n                <\/div>\n                <div data-colibri-id=\"41-c14\" class=\"h-global-transition-all h-heading style-198 style-local-41-c14 position-relative h-element\">\n                  <!---->\n                  <div class=\"h-heading__outer style-198 style-local-41-c14\">\n                    <!---->\n                    <!---->\n                    <a href=\"http:\/\/progres-c.com\/index.php\/accompagnement\/\" h-use-smooth-scroll=\"true\">\n                      <h4 class=\"\">Accompagnement<\/h4>\n                    <\/a>\n                  <\/div>\n                <\/div>\n                <div data-colibri-id=\"41-c15\" class=\"h-lead h-text h-text-component style-199 style-local-41-c15 position-relative h-element\">\n                  <!---->\n                  <!---->\n                  <div class=\"\">\n                    <p>Chacun ses sp\u00e9cialit\u00e9s.\n                      <br>Faites appel \u00e0 nos \u00e9quipes pour r\u00e9aliser les actes commerciaux en votre nom.<\/p>\n                  <\/div>\n                <\/div>\n              <\/div>\n            <\/div>\n          <\/div>\n        <\/div>\n      <\/div>\n    <\/div>\n  <\/div>\n<\/div>","protected":false},"excerpt":{"rendered":"<p>Formation Le seul bien qui se multiplie en se donnant c&#8217;est le savoir. D\u00e9couvrez toutes nos formations et choisissez votre voie de progression. Consulting Nos experts peuvent vous conseiller dans vos projets de d\u00e9veloppement. Voici les diff\u00e9rentes missions qu&#8217;ils proposent. Accompagnement Chacun ses sp\u00e9cialit\u00e9s. Faites appel \u00e0 nos \u00e9quipes pour r\u00e9aliser les actes commerciaux en [&hellip;]<\/p>\n","protected":false},"author":1,"featured_media":0,"parent":0,"menu_order":0,"comment_status":"closed","ping_status":"closed","template":"page-templates\/homepage.php","meta":[],"_links":{"self":[{"href":"https:\/\/progres-c.com\/index.php\/wp-json\/wp\/v2\/pages\/41"}],"collection":[{"href":"https:\/\/progres-c.com\/index.php\/wp-json\/wp\/v2\/pages"}],"about":[{"href":"https:\/\/progres-c.com\/index.php\/wp-json\/wp\/v2\/types\/page"}],"author":[{"embeddable":true,"href":"https:\/\/progres-c.com\/index.php\/wp-json\/wp\/v2\/users\/1"}],"replies":[{"embeddable":true,"href":"https:\/\/progres-c.com\/index.php\/wp-json\/wp\/v2\/comments?post=41"}],"version-history":[{"count":20,"href":"https:\/\/progres-c.com\/index.php\/wp-json\/wp\/v2\/pages\/41\/revisions"}],"predecessor-version":[{"id":581,"href":"https:\/\/progres-c.com\/index.php\/wp-json\/wp\/v2\/pages\/41\/revisions\/581"}],"wp:attachment":[{"href":"https:\/\/progres-c.com\/index.php\/wp-json\/wp\/v2\/media?parent=41"}],"curies":[{"name":"wp","href":"https:\/\/api.w.org\/{rel}","templated":true}]}}